{"id":101,"date":"2023-07-31T15:14:27","date_gmt":"2023-07-31T13:14:27","guid":{"rendered":"https:\/\/capuciner-grill.hr\/?page_id=101"},"modified":"2023-08-30T17:07:30","modified_gmt":"2023-08-30T15:07:30","slug":"privacy-policy","status":"publish","type":"page","link":"https:\/\/capuciner-grill.hr\/en\/privacy-policy\/","title":{"rendered":"Privacy policy"},"content":{"rendered":"\n<h2 class=\"wp-block-heading\">Prikupljanje i obrada osobnih podataka<\/h2>\n\n\n\n<p>Kako bi odr\u017eali funkcionalnost internetske stranice i omogu\u0107ili usluge koje korisnici tra\u017ee, Capuciner na ovoj internetskoj stranici mo\u017ee prikupljati i upotrebljavati osobne podatke korisnika. Putem internetske stranice mogu\u0107e je, ovisno o svrsi, prikupljanje va\u0161ih osobnih podataka kao \u0161to su: ime i prezime, adresa e-po\u0161te, ku\u0107na ili poslovna adresa, telefonski broj&#8230; Upisom osobnih podataka u za to predvi\u0111ena polja dajete privolu da se navedeni podaci upotrebljavaju u svrhu za koju su dani.<\/p>\n\n\n\n<p>Capuciner prikuplja podatke o va\u0161em ra\u010dunalu. Ovi podaci mogu uklju\u010divati va\u0161u IP adresu, tip preglednika, vrijeme pristupa i adrese web stranica. Capuciner prikuplja podatke o klijentu i izvan ove internetske stranice, na temelju obrazaca upitnika uz suglasnost klijenta i u svrhe navedene u tim obrascima.<\/p>\n\n\n\n<p>Prikupljene podatke, kao i podatke koje smo saznali na osnovi pru\u017eanja usluga klijentima Capuciner obra\u0111uje u svrhu u koju su isti dani, odnosno u svrhu kori\u0161tenja internetske stranice i pru\u017eanja \u017eeljenih usluga te kako bi vam pru\u017eila informacije o uslugama koje mo\u017eete koristiti. Capuciner mo\u017ee koristiti navedene podatke kako bi vam pru\u017eila u\u010dinkovitiju korisni\u010dku uslugu, olak\u0161ala kori\u0161tenje internetskom stranicom uklanjanjem potrebe za u\u010destalim upisivanjem istih podataka ili za prilagodbu internetske stranice va\u0161im osobnim sklonostima i interesima.<\/p>\n\n\n\n<p>Ovime vas Capuciner ujedno informira da imate pravo na pristup svim danim osobnim podacima, kao i na njihov ispravak, pravo naknadno odustati od prethodno danih suglasnosti, djelomi\u010dno ili u cijelosti, kao i pravo usprotiviti se obradi osobnih podataka u svrhe pru\u017eanja informacija o uslugama.<\/p>\n\n\n\n<div style=\"height:var(--wp--preset--spacing--50)\" aria-hidden=\"true\" class=\"wp-block-spacer\"><\/div>\n\n\n\n<h3 class=\"wp-block-heading\">Sigurnost va\u0161ih osobnih podataka<\/h3>\n\n\n\n<p>Internetska stranica \u0161titi va\u0161e osobne podatke od neovla\u0161tenog pristupa, upotrebe ili odavanja. Podaci na ra\u010dunalnim poslu\u017eiteljima pohranjuju se u kontroliranom, sigurnom okru\u017eenju, za\u0161ti\u0107enom od neovla\u0161tenog pristupa, upotrebe ili odavanja.<\/p>\n\n\n\n<div style=\"height:var(--wp--preset--spacing--50)\" aria-hidden=\"true\" class=\"wp-block-spacer\"><\/div>\n\n\n\n<h3 class=\"wp-block-heading\">Primjena kola\u010di\u0107a<\/h3>\n\n\n\n<p>Na internetskoj stranici primjenjuju se tzv. kola\u010di\u0107i (cookies) &#8211; tekstualne datoteke koje na ra\u010dunalo korisnika smje\u0161ta internetski poslu\u017eitelj kojim se korisnik koristi. Datoteke nastaju kada preglednik na ure\u0111aju korisnika u\u010dita posje\u0107eno mre\u017eno odredi\u0161te, koje potom \u0161alje podatke pregledniku te izra\u0111uje tekstualnu datoteku (kola\u010di\u0107). Preglednik dohva\u0107a i \u0161alje datoteku na poslu\u017eitelj mre\u017enog odredi\u0161ta (mjesta, stranice) prilikom povratka korisnika na njega.<\/p>\n\n\n\n<p>Kola\u010di\u0107i se upotrebljavaju za funkcioniranje svih zna\u010dajki internetske stranice i bolje korisni\u010dko iskustvo, a mogu biti privremeni (pohranjuju se samo tijekom posjeta internetskim stranicama) ili trajni (na ra\u010dunalu korisnika ostaju pohranjeni i nakon posjeta).<\/p>\n\n\n\n<p>Internetska stranica koriste tehni\u010dke (obvezne), performansne (neobavezne) i marketin\u0161ke (neobavezne) kola\u010di\u0107e.<\/p>\n\n\n\n<div style=\"height:var(--wp--preset--spacing--50)\" aria-hidden=\"true\" class=\"wp-block-spacer\"><\/div>\n\n\n\n<h3 class=\"wp-block-heading\">Sprje\u010davanje kola\u010di\u0107a<\/h3>\n\n\n\n<p>Ako niste suglasni s upotrebom kola\u010di\u0107a ovdje ih mo\u017eete sprije\u010diti. Budu\u0107i da je svrha kola\u010di\u0107a pobolj\u0161anje i omogu\u0107ivanje upotrebe na\u0161e internetske stranice i njihovih procesa, imajte na umu da sprje\u010davanjem ili brisanjem kola\u010di\u0107a mo\u017eete onemogu\u0107iti funkcioniranje tih zna\u010dajki ili prouzro\u010diti njihov druga\u010diji rad i izgled u va\u0161em pregledniku.<\/p>\n\n\n\n<div style=\"height:var(--wp--preset--spacing--50)\" aria-hidden=\"true\" class=\"wp-block-spacer\"><\/div>\n\n\n\n<h3 class=\"wp-block-heading\">Sigurnost va\u0161ih osobnih podataka<\/h3>\n\n\n\n<p>Uvjeti ove Izjave o za\u0161titi privatnosti ure\u0111uju upotrebu kola\u010di\u0107a i svih podataka prikupljenih za vrijeme primjenjivanja Izjave, osim kola\u010di\u0107a tre\u0107ih strana. Capuciner zadr\u017eava pravo izmjene ove Izjave i pravila o kola\u010di\u0107ima u bilo kojem trenutku kako bi prenijeli nove va\u017ene informacije te kako biste bili informirani o na\u010dinima na koje Capuciner na svojoj internetskoj stranici \u0161titi va\u0161e podatke, te stoga preporu\u010dujemo da povremeno provjerite a\u017euriranja na ovoj stranici.<\/p>\n\n\n\n<div style=\"height:var(--wp--preset--spacing--50)\" aria-hidden=\"true\" class=\"wp-block-spacer\"><\/div>\n\n\n\n<h3 class=\"wp-block-heading\">Informacije za kontakt<\/h3>\n\n\n\n<p>Capuciner \u0107e rado primiti va\u0161e komentare, sugestije i primjedbe u vezi s ovom Izjavom. Mo\u017eete nam se obratiti na: info@capuciner.hr<\/p>\n","protected":false},"excerpt":{"rendered":"<p>Prikupljanje i obrada osobnih podataka Kako bi odr\u017eali funkcionalnost internetske stranice i omogu\u0107ili usluge koje korisnici tra\u017ee, Capuciner na ovoj internetskoj stranici mo\u017ee prikupljati i upotrebljavati osobne podatke korisnika. Putem internetske stranice mogu\u0107e je, ovisno o svrsi, prikupljanje va\u0161ih osobnih podataka kao \u0161to su: ime i prezime, adresa e-po\u0161te, ku\u0107na ili poslovna adresa, telefonski broj&#8230; [&hellip;]<\/p>\n","protected":false},"author":1,"featured_media":0,"parent":0,"menu_order":10,"comment_status":"closed","ping_status":"closed","template":"","meta":{"footnotes":""},"class_list":["post-101","page","type-page","status-publish","hentry"],"acf":[],"yoast_head":"<!-- This site is optimized with the Yoast SEO plugin v27.5 - https:\/\/yoast.com\/product\/yoast-seo-wordpress\/ -->\n<title>Privacy policy - Capuciner Grill<\/title>\n<meta name=\"robots\" content=\"index, follow, max-snippet:-1, max-image-preview:large, max-video-preview:-1\" \/>\n<link rel=\"canonical\" href=\"https:\/\/capuciner-grill.hr\/en\/privacy-policy\/\" \/>\n<meta property=\"og:locale\" content=\"en_US\" \/>\n<meta property=\"og:type\" content=\"article\" \/>\n<meta property=\"og:title\" content=\"Privacy policy - Capuciner Grill\" \/>\n<meta property=\"og:description\" content=\"Prikupljanje i obrada osobnih podataka Kako bi odr\u017eali funkcionalnost internetske stranice i omogu\u0107ili usluge koje korisnici tra\u017ee, Capuciner na ovoj internetskoj stranici mo\u017ee prikupljati i upotrebljavati osobne podatke korisnika. Putem internetske stranice mogu\u0107e je, ovisno o svrsi, prikupljanje va\u0161ih osobnih podataka kao \u0161to su: ime i prezime, adresa e-po\u0161te, ku\u0107na ili poslovna adresa, telefonski broj&#8230; [&hellip;]\" \/>\n<meta property=\"og:url\" content=\"https:\/\/capuciner-grill.hr\/en\/privacy-policy\/\" \/>\n<meta property=\"og:site_name\" content=\"Capuciner Grill\" \/>\n<meta property=\"article:publisher\" content=\"https:\/\/capuciner-grill.hr\" \/>\n<meta property=\"article:modified_time\" content=\"2023-08-30T15:07:30+00:00\" \/>\n<meta name=\"twitter:card\" content=\"summary_large_image\" \/>\n<meta name=\"twitter:label1\" content=\"Est. reading time\" \/>\n\t<meta name=\"twitter:data1\" content=\"3 minutes\" \/>\n<script type=\"application\/ld+json\" class=\"yoast-schema-graph\">{\"@context\":\"https:\\\/\\\/schema.org\",\"@graph\":[{\"@type\":\"WebPage\",\"@id\":\"https:\\\/\\\/capuciner-grill.hr\\\/en\\\/privacy-policy\\\/\",\"url\":\"https:\\\/\\\/capuciner-grill.hr\\\/en\\\/privacy-policy\\\/\",\"name\":\"Privacy policy - Capuciner Grill\",\"isPartOf\":{\"@id\":\"https:\\\/\\\/capuciner-grill.hr\\\/en\\\/#website\"},\"datePublished\":\"2023-07-31T13:14:27+00:00\",\"dateModified\":\"2023-08-30T15:07:30+00:00\",\"breadcrumb\":{\"@id\":\"https:\\\/\\\/capuciner-grill.hr\\\/en\\\/privacy-policy\\\/#breadcrumb\"},\"inLanguage\":\"en-US\",\"potentialAction\":[{\"@type\":\"ReadAction\",\"target\":[\"https:\\\/\\\/capuciner-grill.hr\\\/en\\\/privacy-policy\\\/\"]}]},{\"@type\":\"BreadcrumbList\",\"@id\":\"https:\\\/\\\/capuciner-grill.hr\\\/en\\\/privacy-policy\\\/#breadcrumb\",\"itemListElement\":[{\"@type\":\"ListItem\",\"position\":1,\"name\":\"Po\u010detna stranica\",\"item\":\"https:\\\/\\\/capuciner-grill.hr\\\/en\\\/\"},{\"@type\":\"ListItem\",\"position\":2,\"name\":\"Privacy policy\"}]},{\"@type\":\"WebSite\",\"@id\":\"https:\\\/\\\/capuciner-grill.hr\\\/en\\\/#website\",\"url\":\"https:\\\/\\\/capuciner-grill.hr\\\/en\\\/\",\"name\":\"Capuciner grill\",\"description\":\"Bogatstvo aroma vrhunskog ro\u0161tilja\",\"publisher\":{\"@id\":\"https:\\\/\\\/capuciner-grill.hr\\\/en\\\/#organization\"},\"potentialAction\":[{\"@type\":\"SearchAction\",\"target\":{\"@type\":\"EntryPoint\",\"urlTemplate\":\"https:\\\/\\\/capuciner-grill.hr\\\/en\\\/?s={search_term_string}\"},\"query-input\":{\"@type\":\"PropertyValueSpecification\",\"valueRequired\":true,\"valueName\":\"search_term_string\"}}],\"inLanguage\":\"en-US\"},{\"@type\":\"Organization\",\"@id\":\"https:\\\/\\\/capuciner-grill.hr\\\/en\\\/#organization\",\"name\":\"Capuciner grill\",\"url\":\"https:\\\/\\\/capuciner-grill.hr\\\/en\\\/\",\"logo\":{\"@type\":\"ImageObject\",\"inLanguage\":\"en-US\",\"@id\":\"https:\\\/\\\/capuciner-grill.hr\\\/en\\\/#\\\/schema\\\/logo\\\/image\\\/\",\"url\":\"https:\\\/\\\/capuciner-grill.hr\\\/wp-content\\\/uploads\\\/2023\\\/11\\\/capucinerg.jpg\",\"contentUrl\":\"https:\\\/\\\/capuciner-grill.hr\\\/wp-content\\\/uploads\\\/2023\\\/11\\\/capucinerg.jpg\",\"width\":283,\"height\":106,\"caption\":\"Capuciner grill\"},\"image\":{\"@id\":\"https:\\\/\\\/capuciner-grill.hr\\\/en\\\/#\\\/schema\\\/logo\\\/image\\\/\"},\"sameAs\":[\"https:\\\/\\\/capuciner-grill.hr\",\"https:\\\/\\\/www.instagram.com\\\/explore\\\/locations\\\/306891146\\\/capuciner-grill-steak\\\/\"]}]}<\/script>\n<!-- \/ Yoast SEO plugin. -->","yoast_head_json":{"title":"Privacy policy - Capuciner Grill","robots":{"index":"index","follow":"follow","max-snippet":"max-snippet:-1","max-image-preview":"max-image-preview:large","max-video-preview":"max-video-preview:-1"},"canonical":"https:\/\/capuciner-grill.hr\/en\/privacy-policy\/","og_locale":"en_US","og_type":"article","og_title":"Privacy policy - Capuciner Grill","og_description":"Prikupljanje i obrada osobnih podataka Kako bi odr\u017eali funkcionalnost internetske stranice i omogu\u0107ili usluge koje korisnici tra\u017ee, Capuciner na ovoj internetskoj stranici mo\u017ee prikupljati i upotrebljavati osobne podatke korisnika. Putem internetske stranice mogu\u0107e je, ovisno o svrsi, prikupljanje va\u0161ih osobnih podataka kao \u0161to su: ime i prezime, adresa e-po\u0161te, ku\u0107na ili poslovna adresa, telefonski broj&#8230; [&hellip;]","og_url":"https:\/\/capuciner-grill.hr\/en\/privacy-policy\/","og_site_name":"Capuciner Grill","article_publisher":"https:\/\/capuciner-grill.hr","article_modified_time":"2023-08-30T15:07:30+00:00","twitter_card":"summary_large_image","twitter_misc":{"Est. reading time":"3 minutes"},"schema":{"@context":"https:\/\/schema.org","@graph":[{"@type":"WebPage","@id":"https:\/\/capuciner-grill.hr\/en\/privacy-policy\/","url":"https:\/\/capuciner-grill.hr\/en\/privacy-policy\/","name":"Privacy policy - Capuciner Grill","isPartOf":{"@id":"https:\/\/capuciner-grill.hr\/en\/#website"},"datePublished":"2023-07-31T13:14:27+00:00","dateModified":"2023-08-30T15:07:30+00:00","breadcrumb":{"@id":"https:\/\/capuciner-grill.hr\/en\/privacy-policy\/#breadcrumb"},"inLanguage":"en-US","potentialAction":[{"@type":"ReadAction","target":["https:\/\/capuciner-grill.hr\/en\/privacy-policy\/"]}]},{"@type":"BreadcrumbList","@id":"https:\/\/capuciner-grill.hr\/en\/privacy-policy\/#breadcrumb","itemListElement":[{"@type":"ListItem","position":1,"name":"Po\u010detna stranica","item":"https:\/\/capuciner-grill.hr\/en\/"},{"@type":"ListItem","position":2,"name":"Privacy policy"}]},{"@type":"WebSite","@id":"https:\/\/capuciner-grill.hr\/en\/#website","url":"https:\/\/capuciner-grill.hr\/en\/","name":"Capuciner grill","description":"Bogatstvo aroma vrhunskog ro\u0161tilja","publisher":{"@id":"https:\/\/capuciner-grill.hr\/en\/#organization"},"potentialAction":[{"@type":"SearchAction","target":{"@type":"EntryPoint","urlTemplate":"https:\/\/capuciner-grill.hr\/en\/?s={search_term_string}"},"query-input":{"@type":"PropertyValueSpecification","valueRequired":true,"valueName":"search_term_string"}}],"inLanguage":"en-US"},{"@type":"Organization","@id":"https:\/\/capuciner-grill.hr\/en\/#organization","name":"Capuciner grill","url":"https:\/\/capuciner-grill.hr\/en\/","logo":{"@type":"ImageObject","inLanguage":"en-US","@id":"https:\/\/capuciner-grill.hr\/en\/#\/schema\/logo\/image\/","url":"https:\/\/capuciner-grill.hr\/wp-content\/uploads\/2023\/11\/capucinerg.jpg","contentUrl":"https:\/\/capuciner-grill.hr\/wp-content\/uploads\/2023\/11\/capucinerg.jpg","width":283,"height":106,"caption":"Capuciner grill"},"image":{"@id":"https:\/\/capuciner-grill.hr\/en\/#\/schema\/logo\/image\/"},"sameAs":["https:\/\/capuciner-grill.hr","https:\/\/www.instagram.com\/explore\/locations\/306891146\/capuciner-grill-steak\/"]}]}},"_links":{"self":[{"href":"https:\/\/capuciner-grill.hr\/en\/wp-json\/wp\/v2\/pages\/101","targetHints":{"allow":["GET"]}}],"collection":[{"href":"https:\/\/capuciner-grill.hr\/en\/wp-json\/wp\/v2\/pages"}],"about":[{"href":"https:\/\/capuciner-grill.hr\/en\/wp-json\/wp\/v2\/types\/page"}],"author":[{"embeddable":true,"href":"https:\/\/capuciner-grill.hr\/en\/wp-json\/wp\/v2\/users\/1"}],"replies":[{"embeddable":true,"href":"https:\/\/capuciner-grill.hr\/en\/wp-json\/wp\/v2\/comments?post=101"}],"version-history":[{"count":0,"href":"https:\/\/capuciner-grill.hr\/en\/wp-json\/wp\/v2\/pages\/101\/revisions"}],"wp:attachment":[{"href":"https:\/\/capuciner-grill.hr\/en\/wp-json\/wp\/v2\/media?parent=101"}],"curies":[{"name":"wp","href":"https:\/\/api.w.org\/{rel}","templated":true}]}}