{"id":102,"date":"2023-08-28T14:10:51","date_gmt":"2023-08-28T12:10:51","guid":{"rendered":"https:\/\/capuciner-grill.hr\/?page_id=102"},"modified":"2023-08-30T17:07:58","modified_gmt":"2023-08-30T15:07:58","slug":"cookies","status":"publish","type":"page","link":"https:\/\/capuciner-grill.hr\/en\/cookies\/","title":{"rendered":"Cookies"},"content":{"rendered":"\n<h2 class=\"wp-block-heading\">1. What are cookies?<\/h2>\n\n\n\n<p>Kola\u010di\u0107 je mala tekstna datoteka koja se pohranjuje na ra\u010dunalo ili mobilni ure\u0111aj pri posjetu odre\u0111enom web-mjestu. S pomo\u0107u kola\u010di\u0107a web-mjesto pamti va\u0161e radnje i \u017eeljene postavke (poput prijave, jezika, veli\u010dine fonta i drugih \u017eeljenih postavki koje se odnose na prikaz) tijekom duljeg razdoblja, pa ih nije potrebno ponovno unositi pri svakom povratku na web-mjesto odnosno pri pregledavanju njegovih razli\u010ditih stranica.<\/p>\n\n\n\n<h2 class=\"wp-block-heading\">2. Na koji se na\u010din koristimo kola\u010di\u0107ima?<\/h2>\n\n\n\n<p><strong>Web stranica upotrebljava kola\u010di\u0107e i sli\u010dne tehnologije za nekoliko svrha, ovisno o kontekstu ili proizvodu, uklju\u010duju\u0107i:<\/strong><\/p>\n\n\n\n<ul class=\"wp-block-list\">\n<li>privremene korisni\u010dke kola\u010di\u0107e unosa (session-id) i\/ili trajne kola\u010di\u0107e ograni\u010dene na nekoliko sati u nekim slu\u010dajevima \u2013 koristimo ih za pohranjivanje va\u0161ih preferencija i postavki na va\u0161em ure\u0111aju te za pobolj\u0161avanje va\u0161eg iskustva. Na primjer, spremanje va\u0161ih osobnih preferenci u kola\u010di\u0107e \u0161to vam omogu\u0107uje da ne morate stalno iznova postavljati preference. Tako\u0111er, ako odustanete od oglasa utemeljenih na interesima, mi pohranjujemo va\u0161e odabire za odustajanje u kola\u010di\u0107 na va\u0161em ure\u0111aju;<\/li>\n\n\n\n<li>kola\u010di\u0107e za provjeru autenti\u010dnosti, koji se koriste za autentifikacijske usluge, tijekom trajanja pregleda stranice- koristimo ih da bismo provjerili va\u0161u autenti\u010dnost. Taj vam kola\u010di\u0107 omogu\u0107uje kretanje od stranice do stranice bez potrebe za ponovnim prijavljivanjem na svakoj stranici. Mo\u017eete spremiti i podatke za prijavu tako da se ne morate prijaviti svaki put kada se vratite na web-mjesto;<\/li>\n\n\n\n<li>korisni\u010dke sigurnosne kola\u010di\u0107e, koji se koriste za otkrivanje zloupotrebe autenti\u010dnosti, ograni\u010denog trajanja- koristimo ih za obradu informacija koje nam omogu\u0107uju sigurnost te za utvr\u0111ivanje prijevare i zloupotrebe;<\/li>\n\n\n\n<li>kola\u010di\u0107e multimedijskih sadr\u017eaja, kao \u0161to su kola\u010di\u0107i za flash player, za vrijeme trajanja pregleda stranice;<\/li>\n\n\n\n<li>kola\u010di\u0107e omogu\u0107avanja u\u010ditavanja, tijekom trajanja pregleda stranice- koristimo ih da bismo zapamtili informacije koje nam dajete;<\/li>\n\n\n\n<li>trajne kola\u010di\u0107e za prilagodbu korisni\u010dkog su\u010delja za vrijeme trajanja pregleda stranice (ili malo du\u017ee)- kola\u010di\u0107e koristimo da bi vam omogu\u0107ili davanje povratnih informacija na web-mjestu;<\/li>\n\n\n\n<li>kola\u010di\u0107e tre\u0107ih strana za dijeljenje dodataka dru\u0161tvenih mre\u017ea za prijavljene \u010dlanove dru\u0161tvene mre\u017ee- neka na\u0161a web-mjesta uklju\u010duju kola\u010di\u0107e dru\u0161tvenih medija, uklju\u010duju\u0107i one koji korisnicima koji su prijavljeni na dru\u0161tvenu mre\u017eu omogu\u0107uju dijeljenje sadr\u017eaja preko te mre\u017ee. To se doga\u0111a na web stranicama koje Vam omogu\u0107avaju prijavu i registraciju preko ra\u010duna dru\u0161tvenih mre\u017ea te ukoliko dijelite sadr\u017eaj web stranice na dru\u0161tvenim mre\u017eama (npr. putem \u201eLike\u201c gumba). Konkretni utjecaj na va\u0161u privatnost \u0107e se razlikovati od dru\u0161tvene mre\u017ee do dru\u0161tvene mre\u017ee te ovisi o postavkama privatnosti koje ste izabrali na tim mre\u017eama. Kako upravljati ovim kola\u010di\u0107ima mo\u017eete saznati na njihovim web stranicama.<\/li>\n<\/ul>\n\n\n\n<div style=\"height:var(--wp--preset--spacing--30)\" aria-hidden=\"true\" class=\"wp-block-spacer\"><\/div>\n\n\n\n<p>Neki od \u010desto kori\u0161tenih kola\u010di\u0107a je npr.:<\/p>\n\n\n\n<ul class=\"wp-block-list\">\n<li>Adclearoptout,<\/li>\n\n\n\n<li>Facebook pixel,<\/li>\n\n\n\n<li>Facebook messenger (page like),<\/li>\n\n\n\n<li>Google analytics,<\/li>\n\n\n\n<li>Google tag manager,<\/li>\n\n\n\n<li>Google maps,<\/li>\n\n\n\n<li>YSC,<\/li>\n\n\n\n<li>LOGIN_INFO,<\/li>\n\n\n\n<li>Opt-Out-Cookie.<\/li>\n<\/ul>\n","protected":false},"excerpt":{"rendered":"<p>1. What are cookies? Kola\u010di\u0107 je mala tekstna datoteka koja se pohranjuje na ra\u010dunalo ili mobilni ure\u0111aj pri posjetu odre\u0111enom web-mjestu. S pomo\u0107u kola\u010di\u0107a web-mjesto pamti va\u0161e radnje i \u017eeljene postavke (poput prijave, jezika, veli\u010dine fonta i drugih \u017eeljenih postavki koje se odnose na prikaz) tijekom duljeg razdoblja, pa ih nije potrebno ponovno unositi pri [&hellip;]<\/p>\n","protected":false},"author":1,"featured_media":0,"parent":0,"menu_order":11,"comment_status":"closed","ping_status":"closed","template":"","meta":{"footnotes":""},"class_list":["post-102","page","type-page","status-publish","hentry"],"acf":[],"yoast_head":"<!-- This site is optimized with the Yoast SEO plugin v27.5 - https:\/\/yoast.com\/product\/yoast-seo-wordpress\/ -->\n<title>Cookies - Capuciner Grill<\/title>\n<meta name=\"robots\" content=\"index, follow, max-snippet:-1, max-image-preview:large, max-video-preview:-1\" \/>\n<link rel=\"canonical\" href=\"https:\/\/capuciner-grill.hr\/en\/cookies\/\" \/>\n<meta property=\"og:locale\" content=\"en_US\" \/>\n<meta property=\"og:type\" content=\"article\" \/>\n<meta property=\"og:title\" content=\"Cookies - Capuciner Grill\" \/>\n<meta property=\"og:description\" content=\"1. What are cookies? Kola\u010di\u0107 je mala tekstna datoteka koja se pohranjuje na ra\u010dunalo ili mobilni ure\u0111aj pri posjetu odre\u0111enom web-mjestu. S pomo\u0107u kola\u010di\u0107a web-mjesto pamti va\u0161e radnje i \u017eeljene postavke (poput prijave, jezika, veli\u010dine fonta i drugih \u017eeljenih postavki koje se odnose na prikaz) tijekom duljeg razdoblja, pa ih nije potrebno ponovno unositi pri [&hellip;]\" \/>\n<meta property=\"og:url\" content=\"https:\/\/capuciner-grill.hr\/en\/cookies\/\" \/>\n<meta property=\"og:site_name\" content=\"Capuciner Grill\" \/>\n<meta property=\"article:publisher\" content=\"https:\/\/capuciner-grill.hr\" \/>\n<meta property=\"article:modified_time\" content=\"2023-08-30T15:07:58+00:00\" \/>\n<meta name=\"twitter:card\" content=\"summary_large_image\" \/>\n<meta name=\"twitter:label1\" content=\"Est. reading time\" \/>\n\t<meta name=\"twitter:data1\" content=\"3 minutes\" \/>\n<script type=\"application\/ld+json\" class=\"yoast-schema-graph\">{\"@context\":\"https:\\\/\\\/schema.org\",\"@graph\":[{\"@type\":\"WebPage\",\"@id\":\"https:\\\/\\\/capuciner-grill.hr\\\/en\\\/cookies\\\/\",\"url\":\"https:\\\/\\\/capuciner-grill.hr\\\/en\\\/cookies\\\/\",\"name\":\"Cookies - Capuciner Grill\",\"isPartOf\":{\"@id\":\"https:\\\/\\\/capuciner-grill.hr\\\/en\\\/#website\"},\"datePublished\":\"2023-08-28T12:10:51+00:00\",\"dateModified\":\"2023-08-30T15:07:58+00:00\",\"breadcrumb\":{\"@id\":\"https:\\\/\\\/capuciner-grill.hr\\\/en\\\/cookies\\\/#breadcrumb\"},\"inLanguage\":\"en-US\",\"potentialAction\":[{\"@type\":\"ReadAction\",\"target\":[\"https:\\\/\\\/capuciner-grill.hr\\\/en\\\/cookies\\\/\"]}]},{\"@type\":\"BreadcrumbList\",\"@id\":\"https:\\\/\\\/capuciner-grill.hr\\\/en\\\/cookies\\\/#breadcrumb\",\"itemListElement\":[{\"@type\":\"ListItem\",\"position\":1,\"name\":\"Po\u010detna stranica\",\"item\":\"https:\\\/\\\/capuciner-grill.hr\\\/en\\\/\"},{\"@type\":\"ListItem\",\"position\":2,\"name\":\"Cookies\"}]},{\"@type\":\"WebSite\",\"@id\":\"https:\\\/\\\/capuciner-grill.hr\\\/en\\\/#website\",\"url\":\"https:\\\/\\\/capuciner-grill.hr\\\/en\\\/\",\"name\":\"Capuciner grill\",\"description\":\"Bogatstvo aroma vrhunskog ro\u0161tilja\",\"publisher\":{\"@id\":\"https:\\\/\\\/capuciner-grill.hr\\\/en\\\/#organization\"},\"potentialAction\":[{\"@type\":\"SearchAction\",\"target\":{\"@type\":\"EntryPoint\",\"urlTemplate\":\"https:\\\/\\\/capuciner-grill.hr\\\/en\\\/?s={search_term_string}\"},\"query-input\":{\"@type\":\"PropertyValueSpecification\",\"valueRequired\":true,\"valueName\":\"search_term_string\"}}],\"inLanguage\":\"en-US\"},{\"@type\":\"Organization\",\"@id\":\"https:\\\/\\\/capuciner-grill.hr\\\/en\\\/#organization\",\"name\":\"Capuciner grill\",\"url\":\"https:\\\/\\\/capuciner-grill.hr\\\/en\\\/\",\"logo\":{\"@type\":\"ImageObject\",\"inLanguage\":\"en-US\",\"@id\":\"https:\\\/\\\/capuciner-grill.hr\\\/en\\\/#\\\/schema\\\/logo\\\/image\\\/\",\"url\":\"https:\\\/\\\/capuciner-grill.hr\\\/wp-content\\\/uploads\\\/2023\\\/11\\\/capucinerg.jpg\",\"contentUrl\":\"https:\\\/\\\/capuciner-grill.hr\\\/wp-content\\\/uploads\\\/2023\\\/11\\\/capucinerg.jpg\",\"width\":283,\"height\":106,\"caption\":\"Capuciner grill\"},\"image\":{\"@id\":\"https:\\\/\\\/capuciner-grill.hr\\\/en\\\/#\\\/schema\\\/logo\\\/image\\\/\"},\"sameAs\":[\"https:\\\/\\\/capuciner-grill.hr\",\"https:\\\/\\\/www.instagram.com\\\/explore\\\/locations\\\/306891146\\\/capuciner-grill-steak\\\/\"]}]}<\/script>\n<!-- \/ Yoast SEO plugin. -->","yoast_head_json":{"title":"Cookies - Capuciner Grill","robots":{"index":"index","follow":"follow","max-snippet":"max-snippet:-1","max-image-preview":"max-image-preview:large","max-video-preview":"max-video-preview:-1"},"canonical":"https:\/\/capuciner-grill.hr\/en\/cookies\/","og_locale":"en_US","og_type":"article","og_title":"Cookies - Capuciner Grill","og_description":"1. What are cookies? Kola\u010di\u0107 je mala tekstna datoteka koja se pohranjuje na ra\u010dunalo ili mobilni ure\u0111aj pri posjetu odre\u0111enom web-mjestu. S pomo\u0107u kola\u010di\u0107a web-mjesto pamti va\u0161e radnje i \u017eeljene postavke (poput prijave, jezika, veli\u010dine fonta i drugih \u017eeljenih postavki koje se odnose na prikaz) tijekom duljeg razdoblja, pa ih nije potrebno ponovno unositi pri [&hellip;]","og_url":"https:\/\/capuciner-grill.hr\/en\/cookies\/","og_site_name":"Capuciner Grill","article_publisher":"https:\/\/capuciner-grill.hr","article_modified_time":"2023-08-30T15:07:58+00:00","twitter_card":"summary_large_image","twitter_misc":{"Est. reading time":"3 minutes"},"schema":{"@context":"https:\/\/schema.org","@graph":[{"@type":"WebPage","@id":"https:\/\/capuciner-grill.hr\/en\/cookies\/","url":"https:\/\/capuciner-grill.hr\/en\/cookies\/","name":"Cookies - Capuciner Grill","isPartOf":{"@id":"https:\/\/capuciner-grill.hr\/en\/#website"},"datePublished":"2023-08-28T12:10:51+00:00","dateModified":"2023-08-30T15:07:58+00:00","breadcrumb":{"@id":"https:\/\/capuciner-grill.hr\/en\/cookies\/#breadcrumb"},"inLanguage":"en-US","potentialAction":[{"@type":"ReadAction","target":["https:\/\/capuciner-grill.hr\/en\/cookies\/"]}]},{"@type":"BreadcrumbList","@id":"https:\/\/capuciner-grill.hr\/en\/cookies\/#breadcrumb","itemListElement":[{"@type":"ListItem","position":1,"name":"Po\u010detna stranica","item":"https:\/\/capuciner-grill.hr\/en\/"},{"@type":"ListItem","position":2,"name":"Cookies"}]},{"@type":"WebSite","@id":"https:\/\/capuciner-grill.hr\/en\/#website","url":"https:\/\/capuciner-grill.hr\/en\/","name":"Capuciner grill","description":"Bogatstvo aroma vrhunskog ro\u0161tilja","publisher":{"@id":"https:\/\/capuciner-grill.hr\/en\/#organization"},"potentialAction":[{"@type":"SearchAction","target":{"@type":"EntryPoint","urlTemplate":"https:\/\/capuciner-grill.hr\/en\/?s={search_term_string}"},"query-input":{"@type":"PropertyValueSpecification","valueRequired":true,"valueName":"search_term_string"}}],"inLanguage":"en-US"},{"@type":"Organization","@id":"https:\/\/capuciner-grill.hr\/en\/#organization","name":"Capuciner grill","url":"https:\/\/capuciner-grill.hr\/en\/","logo":{"@type":"ImageObject","inLanguage":"en-US","@id":"https:\/\/capuciner-grill.hr\/en\/#\/schema\/logo\/image\/","url":"https:\/\/capuciner-grill.hr\/wp-content\/uploads\/2023\/11\/capucinerg.jpg","contentUrl":"https:\/\/capuciner-grill.hr\/wp-content\/uploads\/2023\/11\/capucinerg.jpg","width":283,"height":106,"caption":"Capuciner grill"},"image":{"@id":"https:\/\/capuciner-grill.hr\/en\/#\/schema\/logo\/image\/"},"sameAs":["https:\/\/capuciner-grill.hr","https:\/\/www.instagram.com\/explore\/locations\/306891146\/capuciner-grill-steak\/"]}]}},"_links":{"self":[{"href":"https:\/\/capuciner-grill.hr\/en\/wp-json\/wp\/v2\/pages\/102","targetHints":{"allow":["GET"]}}],"collection":[{"href":"https:\/\/capuciner-grill.hr\/en\/wp-json\/wp\/v2\/pages"}],"about":[{"href":"https:\/\/capuciner-grill.hr\/en\/wp-json\/wp\/v2\/types\/page"}],"author":[{"embeddable":true,"href":"https:\/\/capuciner-grill.hr\/en\/wp-json\/wp\/v2\/users\/1"}],"replies":[{"embeddable":true,"href":"https:\/\/capuciner-grill.hr\/en\/wp-json\/wp\/v2\/comments?post=102"}],"version-history":[{"count":0,"href":"https:\/\/capuciner-grill.hr\/en\/wp-json\/wp\/v2\/pages\/102\/revisions"}],"wp:attachment":[{"href":"https:\/\/capuciner-grill.hr\/en\/wp-json\/wp\/v2\/media?parent=102"}],"curies":[{"name":"wp","href":"https:\/\/api.w.org\/{rel}","templated":true}]}}